{"id":2,"date":"2025-07-29T15:52:51","date_gmt":"2025-07-29T18:52:51","guid":{"rendered":"https:\/\/portalnossobairro.com.br\/Guincho-SP\/?page_id=2"},"modified":"2026-02-12T21:10:00","modified_gmt":"2026-02-13T00:10:00","slug":"guincho-em-sao-paulo-sp","status":"publish","type":"page","link":"https:\/\/portalnossobairro.com.br\/Guincho-SP\/","title":{"rendered":"Guincho 24 horas em S\u00e3o Paulo"},"content":{"rendered":"\n<p>Precisou de um <strong>guincho <\/strong>agora mesmo? N\u00e3o importa a hora ou o local, nosso servi\u00e7o de <strong>guincho 24 horas<\/strong> est\u00e1 pronto para oferecer <strong>socorro r\u00e1pido<\/strong> e eficiente em toda a Grande S\u00e3o Paulo. Especializados em reboque de carros, motos e ve\u00edculos pesados, garantimos um transporte seguro do seu ve\u00edculo com agilidade e total profissionalismo. N\u00e3o perca tempo na estrada: conte com o melhor <strong>auto socorro 24h<\/strong> da regi\u00e3o e solicite seu or\u00e7amento imediato pelo WhatsApp ou telefone.<\/p>\n","protected":false},"excerpt":{"rendered":"<p>Precisou de um guincho agora mesmo? N\u00e3o importa a hora ou o local, nosso servi\u00e7o de guincho 24 horas est\u00e1 pronto para oferecer socorro r\u00e1pido e<span class=\"excerpt-hellip\"> [\u2026]<\/span><\/p>\n","protected":false},"author":1,"featured_media":77,"parent":0,"menu_order":0,"comment_status":"closed","ping_status":"closed","template":"","meta":{"footnotes":""},"class_list":["post-2","page","type-page","status-publish","has-post-thumbnail","hentry"],"yoast_head":"<!-- This site is optimized with the Yoast SEO plugin v26.9 - https:\/\/yoast.com\/product\/yoast-seo-wordpress\/ -->\n<title>Guincho 24 horas em S\u00e3o Paulo - Atendimento na Zona Sul, Zona Norte de S\u00e3o Paulo mais perto de Voc\u00ea<\/title>\n<meta name=\"description\" content=\"Precisa de Guincho 24h em em S\u00e3o Paulo. Chegamos r\u00e1pido para o seu socorro imediato para carro, moto em toda S\u00e3o Paulo. Ligue Agora mesmo.\" \/>\n<meta name=\"robots\" content=\"index, follow, max-snippet:-1, max-image-preview:large, max-video-preview:-1\" \/>\n<link rel=\"canonical\" href=\"https:\/\/portalnossobairro.com.br\/Guincho-SP\/\" \/>\n<meta property=\"og:locale\" content=\"pt_BR\" \/>\n<meta property=\"og:type\" content=\"article\" \/>\n<meta property=\"og:title\" content=\"Guincho 24 horas em S\u00e3o Paulo - Atendimento na Zona Sul, Zona Norte de S\u00e3o Paulo mais perto de Voc\u00ea\" \/>\n<meta property=\"og:description\" content=\"Precisa de Guincho 24h em em S\u00e3o Paulo. Chegamos r\u00e1pido para o seu socorro imediato para carro, moto em toda S\u00e3o Paulo. Ligue Agora mesmo.\" \/>\n<meta property=\"og:url\" content=\"https:\/\/portalnossobairro.com.br\/Guincho-SP\/\" \/>\n<meta property=\"og:site_name\" content=\"Atendimento na Zona Sul, Zona Norte de S\u00e3o Paulo mais perto de Voc\u00ea\" \/>\n<meta property=\"article:modified_time\" content=\"2026-02-13T00:10:00+00:00\" \/>\n<meta property=\"og:image\" content=\"https:\/\/portalnossobairro.com.br\/Guincho-SP\/wp-content\/uploads\/2025\/10\/Frota-de-guincho-perto-de-mim.png\" \/>\n\t<meta property=\"og:image:width\" content=\"1024\" \/>\n\t<meta property=\"og:image:height\" content=\"1024\" \/>\n\t<meta property=\"og:image:type\" content=\"image\/png\" \/>\n<meta name=\"twitter:card\" content=\"summary_large_image\" \/>\n<meta name=\"twitter:label1\" content=\"Est. reading time\" \/>\n\t<meta name=\"twitter:data1\" content=\"1 minuto\" \/>\n<script type=\"application\/ld+json\" class=\"yoast-schema-graph\">{\"@context\":\"https:\/\/schema.org\",\"@graph\":[{\"@type\":\"WebPage\",\"@id\":\"https:\/\/portalnossobairro.com.br\/Guincho-SP\/\",\"url\":\"https:\/\/portalnossobairro.com.br\/Guincho-SP\/\",\"name\":\"Guincho 24 horas em S\u00e3o Paulo - Atendimento na Zona Sul, Zona Norte de S\u00e3o Paulo mais perto de Voc\u00ea\",\"isPartOf\":{\"@id\":\"https:\/\/portalnossobairro.com.br\/Guincho-SP\/#website\"},\"primaryImageOfPage\":{\"@id\":\"https:\/\/portalnossobairro.com.br\/Guincho-SP\/#primaryimage\"},\"image\":{\"@id\":\"https:\/\/portalnossobairro.com.br\/Guincho-SP\/#primaryimage\"},\"thumbnailUrl\":\"https:\/\/portalnossobairro.com.br\/Guincho-SP\/wp-content\/uploads\/2025\/10\/Frota-de-guincho-perto-de-mim.png\",\"datePublished\":\"2025-07-29T18:52:51+00:00\",\"dateModified\":\"2026-02-13T00:10:00+00:00\",\"description\":\"Precisa de Guincho 24h em em S\u00e3o Paulo. Chegamos r\u00e1pido para o seu socorro imediato para carro, moto em toda S\u00e3o Paulo. Ligue Agora mesmo.\",\"breadcrumb\":{\"@id\":\"https:\/\/portalnossobairro.com.br\/Guincho-SP\/#breadcrumb\"},\"inLanguage\":\"pt-BR\",\"potentialAction\":[{\"@type\":\"ReadAction\",\"target\":[\"https:\/\/portalnossobairro.com.br\/Guincho-SP\/\"]}]},{\"@type\":\"ImageObject\",\"inLanguage\":\"pt-BR\",\"@id\":\"https:\/\/portalnossobairro.com.br\/Guincho-SP\/#primaryimage\",\"url\":\"https:\/\/portalnossobairro.com.br\/Guincho-SP\/wp-content\/uploads\/2025\/10\/Frota-de-guincho-perto-de-mim.png\",\"contentUrl\":\"https:\/\/portalnossobairro.com.br\/Guincho-SP\/wp-content\/uploads\/2025\/10\/Frota-de-guincho-perto-de-mim.png\",\"width\":1024,\"height\":1024,\"caption\":\"Frota de guincho perto de mim\"},{\"@type\":\"BreadcrumbList\",\"@id\":\"https:\/\/portalnossobairro.com.br\/Guincho-SP\/#breadcrumb\",\"itemListElement\":[{\"@type\":\"ListItem\",\"position\":1,\"name\":\"Home\",\"item\":\"https:\/\/portalnossobairro.com.br\/Guincho-SP\/\"},{\"@type\":\"ListItem\",\"position\":2,\"name\":\"Guincho 24 horas em S\u00e3o Paulo\"}]},{\"@type\":\"WebSite\",\"@id\":\"https:\/\/portalnossobairro.com.br\/Guincho-SP\/#website\",\"url\":\"https:\/\/portalnossobairro.com.br\/Guincho-SP\/\",\"name\":\"Guincho SP\",\"description\":\"Guincho Santo Amaro, Guincho Jabaquara, Guincho Interlagos, Guincho Moema, Guincho Morumbi. Guincho Itapecerica da Serra.\",\"publisher\":{\"@id\":\"https:\/\/portalnossobairro.com.br\/Guincho-SP\/#organization\"},\"potentialAction\":[{\"@type\":\"SearchAction\",\"target\":{\"@type\":\"EntryPoint\",\"urlTemplate\":\"https:\/\/portalnossobairro.com.br\/Guincho-SP\/?s={search_term_string}\"},\"query-input\":{\"@type\":\"PropertyValueSpecification\",\"valueRequired\":true,\"valueName\":\"search_term_string\"}}],\"inLanguage\":\"pt-BR\"},{\"@type\":\"Organization\",\"@id\":\"https:\/\/portalnossobairro.com.br\/Guincho-SP\/#organization\",\"name\":\"Guincho SP\",\"url\":\"https:\/\/portalnossobairro.com.br\/Guincho-SP\/\",\"logo\":{\"@type\":\"ImageObject\",\"inLanguage\":\"pt-BR\",\"@id\":\"https:\/\/portalnossobairro.com.br\/Guincho-SP\/#\/schema\/logo\/image\/\",\"url\":\"https:\/\/portalnossobairro.com.br\/Guincho-SP\/wp-content\/uploads\/2025\/07\/Guincho-Santo-Amaro.png\",\"contentUrl\":\"https:\/\/portalnossobairro.com.br\/Guincho-SP\/wp-content\/uploads\/2025\/07\/Guincho-Santo-Amaro.png\",\"width\":512,\"height\":512,\"caption\":\"Guincho SP\"},\"image\":{\"@id\":\"https:\/\/portalnossobairro.com.br\/Guincho-SP\/#\/schema\/logo\/image\/\"}}]}<\/script>\n<!-- \/ Yoast SEO plugin. -->","yoast_head_json":{"title":"Guincho 24 horas em S\u00e3o Paulo - Atendimento na Zona Sul, Zona Norte de S\u00e3o Paulo mais perto de Voc\u00ea","description":"Precisa de Guincho 24h em em S\u00e3o Paulo. Chegamos r\u00e1pido para o seu socorro imediato para carro, moto em toda S\u00e3o Paulo. Ligue Agora mesmo.","robots":{"index":"index","follow":"follow","max-snippet":"max-snippet:-1","max-image-preview":"max-image-preview:large","max-video-preview":"max-video-preview:-1"},"canonical":"https:\/\/portalnossobairro.com.br\/Guincho-SP\/","og_locale":"pt_BR","og_type":"article","og_title":"Guincho 24 horas em S\u00e3o Paulo - Atendimento na Zona Sul, Zona Norte de S\u00e3o Paulo mais perto de Voc\u00ea","og_description":"Precisa de Guincho 24h em em S\u00e3o Paulo. Chegamos r\u00e1pido para o seu socorro imediato para carro, moto em toda S\u00e3o Paulo. Ligue Agora mesmo.","og_url":"https:\/\/portalnossobairro.com.br\/Guincho-SP\/","og_site_name":"Atendimento na Zona Sul, Zona Norte de S\u00e3o Paulo mais perto de Voc\u00ea","article_modified_time":"2026-02-13T00:10:00+00:00","og_image":[{"width":1024,"height":1024,"url":"https:\/\/portalnossobairro.com.br\/Guincho-SP\/wp-content\/uploads\/2025\/10\/Frota-de-guincho-perto-de-mim.png","type":"image\/png"}],"twitter_card":"summary_large_image","twitter_misc":{"Est. reading time":"1 minuto"},"schema":{"@context":"https:\/\/schema.org","@graph":[{"@type":"WebPage","@id":"https:\/\/portalnossobairro.com.br\/Guincho-SP\/","url":"https:\/\/portalnossobairro.com.br\/Guincho-SP\/","name":"Guincho 24 horas em S\u00e3o Paulo - Atendimento na Zona Sul, Zona Norte de S\u00e3o Paulo mais perto de Voc\u00ea","isPartOf":{"@id":"https:\/\/portalnossobairro.com.br\/Guincho-SP\/#website"},"primaryImageOfPage":{"@id":"https:\/\/portalnossobairro.com.br\/Guincho-SP\/#primaryimage"},"image":{"@id":"https:\/\/portalnossobairro.com.br\/Guincho-SP\/#primaryimage"},"thumbnailUrl":"https:\/\/portalnossobairro.com.br\/Guincho-SP\/wp-content\/uploads\/2025\/10\/Frota-de-guincho-perto-de-mim.png","datePublished":"2025-07-29T18:52:51+00:00","dateModified":"2026-02-13T00:10:00+00:00","description":"Precisa de Guincho 24h em em S\u00e3o Paulo. Chegamos r\u00e1pido para o seu socorro imediato para carro, moto em toda S\u00e3o Paulo. Ligue Agora mesmo.","breadcrumb":{"@id":"https:\/\/portalnossobairro.com.br\/Guincho-SP\/#breadcrumb"},"inLanguage":"pt-BR","potentialAction":[{"@type":"ReadAction","target":["https:\/\/portalnossobairro.com.br\/Guincho-SP\/"]}]},{"@type":"ImageObject","inLanguage":"pt-BR","@id":"https:\/\/portalnossobairro.com.br\/Guincho-SP\/#primaryimage","url":"https:\/\/portalnossobairro.com.br\/Guincho-SP\/wp-content\/uploads\/2025\/10\/Frota-de-guincho-perto-de-mim.png","contentUrl":"https:\/\/portalnossobairro.com.br\/Guincho-SP\/wp-content\/uploads\/2025\/10\/Frota-de-guincho-perto-de-mim.png","width":1024,"height":1024,"caption":"Frota de guincho perto de mim"},{"@type":"BreadcrumbList","@id":"https:\/\/portalnossobairro.com.br\/Guincho-SP\/#breadcrumb","itemListElement":[{"@type":"ListItem","position":1,"name":"Home","item":"https:\/\/portalnossobairro.com.br\/Guincho-SP\/"},{"@type":"ListItem","position":2,"name":"Guincho 24 horas em S\u00e3o Paulo"}]},{"@type":"WebSite","@id":"https:\/\/portalnossobairro.com.br\/Guincho-SP\/#website","url":"https:\/\/portalnossobairro.com.br\/Guincho-SP\/","name":"Guincho SP","description":"Guincho Santo Amaro, Guincho Jabaquara, Guincho Interlagos, Guincho Moema, Guincho Morumbi. Guincho Itapecerica da Serra.","publisher":{"@id":"https:\/\/portalnossobairro.com.br\/Guincho-SP\/#organization"},"potentialAction":[{"@type":"SearchAction","target":{"@type":"EntryPoint","urlTemplate":"https:\/\/portalnossobairro.com.br\/Guincho-SP\/?s={search_term_string}"},"query-input":{"@type":"PropertyValueSpecification","valueRequired":true,"valueName":"search_term_string"}}],"inLanguage":"pt-BR"},{"@type":"Organization","@id":"https:\/\/portalnossobairro.com.br\/Guincho-SP\/#organization","name":"Guincho SP","url":"https:\/\/portalnossobairro.com.br\/Guincho-SP\/","logo":{"@type":"ImageObject","inLanguage":"pt-BR","@id":"https:\/\/portalnossobairro.com.br\/Guincho-SP\/#\/schema\/logo\/image\/","url":"https:\/\/portalnossobairro.com.br\/Guincho-SP\/wp-content\/uploads\/2025\/07\/Guincho-Santo-Amaro.png","contentUrl":"https:\/\/portalnossobairro.com.br\/Guincho-SP\/wp-content\/uploads\/2025\/07\/Guincho-Santo-Amaro.png","width":512,"height":512,"caption":"Guincho SP"},"image":{"@id":"https:\/\/portalnossobairro.com.br\/Guincho-SP\/#\/schema\/logo\/image\/"}}]}},"_links":{"self":[{"href":"https:\/\/portalnossobairro.com.br\/Guincho-SP\/wp-json\/wp\/v2\/pages\/2","targetHints":{"allow":["GET"]}}],"collection":[{"href":"https:\/\/portalnossobairro.com.br\/Guincho-SP\/wp-json\/wp\/v2\/pages"}],"about":[{"href":"https:\/\/portalnossobairro.com.br\/Guincho-SP\/wp-json\/wp\/v2\/types\/page"}],"author":[{"embeddable":true,"href":"https:\/\/portalnossobairro.com.br\/Guincho-SP\/wp-json\/wp\/v2\/users\/1"}],"replies":[{"embeddable":true,"href":"https:\/\/portalnossobairro.com.br\/Guincho-SP\/wp-json\/wp\/v2\/comments?post=2"}],"version-history":[{"count":5,"href":"https:\/\/portalnossobairro.com.br\/Guincho-SP\/wp-json\/wp\/v2\/pages\/2\/revisions"}],"predecessor-version":[{"id":117,"href":"https:\/\/portalnossobairro.com.br\/Guincho-SP\/wp-json\/wp\/v2\/pages\/2\/revisions\/117"}],"wp:featuredmedia":[{"embeddable":true,"href":"https:\/\/portalnossobairro.com.br\/Guincho-SP\/wp-json\/wp\/v2\/media\/77"}],"wp:attachment":[{"href":"https:\/\/portalnossobairro.com.br\/Guincho-SP\/wp-json\/wp\/v2\/media?parent=2"}],"curies":[{"name":"wp","href":"https:\/\/api.w.org\/{rel}","templated":true}]}}